{"id":19,"date":"2015-01-12T19:30:10","date_gmt":"2015-01-12T19:30:10","guid":{"rendered":"http:\/\/192.168.1.109\/wordpress\/?page_id=19"},"modified":"2023-07-05T14:20:35","modified_gmt":"2023-07-05T12:20:35","slug":"feuerwehrjugend","status":"publish","type":"page","link":"https:\/\/www.ff-rinn.at\/?page_id=19","title":{"rendered":"Feuerwehrjugend"},"content":{"rendered":"<div class=\"wp-block-image\">\n<figure class=\"aligncenter size-large\"><img loading=\"lazy\" decoding=\"async\" width=\"1024\" height=\"546\" src=\"https:\/\/www.ff-rinn.at\/wp-content\/uploads\/2023\/07\/Jugendfeuerwehr-2023-1024x546.jpg\" alt=\"\" class=\"wp-image-4509\" srcset=\"https:\/\/www.ff-rinn.at\/wp-content\/uploads\/2023\/07\/Jugendfeuerwehr-2023-1024x546.jpg 1024w, https:\/\/www.ff-rinn.at\/wp-content\/uploads\/2023\/07\/Jugendfeuerwehr-2023-300x160.jpg 300w, https:\/\/www.ff-rinn.at\/wp-content\/uploads\/2023\/07\/Jugendfeuerwehr-2023-768x410.jpg 768w, https:\/\/www.ff-rinn.at\/wp-content\/uploads\/2023\/07\/Jugendfeuerwehr-2023.jpg 1280w\" sizes=\"auto, (max-width: 1024px) 100vw, 1024px\" \/><\/figure>\n<\/div>\n\n\n<p><br>Die Ausbildung in der Jugendfeuerwehr legt einen wichtigen Grundstein f\u00fcr den sp\u00e4teren Aktiven Dienst. Vor allem das gegenseitige unterst\u00fctzen im Team steht neben dem erlernen der verschiedenen Techniken im Vordergrund. Ein wichtiger Aspekt der Ausbildung ist mit Spiel und Spa\u00df die verschiedensten Aufgaben der Feuerwehr kennen zu lernen und in abwechslungsreichen \u00dcbungen das Wissen am Ger\u00e4te zu vertiefen. Dieses Wissen wird dann beim allj\u00e4hrlichen Wissenstest gefordert sein. Weiters kann das arbeiten in der Gruppe und mit dem Ger\u00e4t beim Leistungsbewerb unter Beweis gestellt werden.<br><br>Du m\u00f6chtest dich in deiner Freizeit in einer Gruppe verschiedensten Herausforderungen stellen, dann bist du bei der Jugendfeuerwehr genau richtig!<br><br>Beitreten kannst du ab deinem 12. Lebensjahr. Melde dich einfach bei:<br><br>\u2022 Tobias Triendl: 0676\/3327229<br>\u2022 Florian Taibon: 0699\/14664612<\/p>\n","protected":false},"excerpt":{"rendered":"<p>Die Ausbildung in der Jugendfeuerwehr legt einen wichtigen Grundstein f\u00fcr den sp\u00e4teren Aktiven Dienst. Vor allem das gegenseitige unterst\u00fctzen im Team steht neben dem erlernen der verschiedenen Techniken im Vordergrund. Ein wichtiger Aspekt der Ausbildung ist mit Spiel und Spa\u00df die verschiedensten Aufgaben der Feuerwehr kennen zu lernen und in abwechslungsreichen \u00dcbungen das Wissen am [&hellip;]<\/p>\n","protected":false},"author":2,"featured_media":0,"parent":0,"menu_order":3,"comment_status":"open","ping_status":"closed","template":"","meta":{"_acf_changed":false,"ngg_post_thumbnail":0,"footnotes":""},"class_list":["post-19","page","type-page","status-publish","hentry"],"acf":[],"_links":{"self":[{"href":"https:\/\/www.ff-rinn.at\/index.php?rest_route=\/wp\/v2\/pages\/19","targetHints":{"allow":["GET"]}}],"collection":[{"href":"https:\/\/www.ff-rinn.at\/index.php?rest_route=\/wp\/v2\/pages"}],"about":[{"href":"https:\/\/www.ff-rinn.at\/index.php?rest_route=\/wp\/v2\/types\/page"}],"author":[{"embeddable":true,"href":"https:\/\/www.ff-rinn.at\/index.php?rest_route=\/wp\/v2\/users\/2"}],"replies":[{"embeddable":true,"href":"https:\/\/www.ff-rinn.at\/index.php?rest_route=%2Fwp%2Fv2%2Fcomments&post=19"}],"version-history":[{"count":11,"href":"https:\/\/www.ff-rinn.at\/index.php?rest_route=\/wp\/v2\/pages\/19\/revisions"}],"predecessor-version":[{"id":4510,"href":"https:\/\/www.ff-rinn.at\/index.php?rest_route=\/wp\/v2\/pages\/19\/revisions\/4510"}],"wp:attachment":[{"href":"https:\/\/www.ff-rinn.at\/index.php?rest_route=%2Fwp%2Fv2%2Fmedia&parent=19"}],"curies":[{"name":"wp","href":"https:\/\/api.w.org\/{rel}","templated":true}]}}