{"id":28,"date":"2015-01-12T19:35:07","date_gmt":"2015-01-12T19:35:07","guid":{"rendered":"http:\/\/192.168.1.109\/wordpress\/?page_id=28"},"modified":"2023-03-31T12:55:26","modified_gmt":"2023-03-31T10:55:26","slug":"mannschaft","status":"publish","type":"page","link":"https:\/\/www.ff-rinn.at\/?page_id=28","title":{"rendered":"Mannschaft"},"content":{"rendered":"\n<figure class=\"wp-block-image size-large\"><a href=\"https:\/\/www.ff-rinn.at\/wp-content\/uploads\/2023\/03\/Mannschaftsfoto-2022.jpg\"><img loading=\"lazy\" decoding=\"async\" width=\"1024\" height=\"682\" src=\"https:\/\/www.ff-rinn.at\/wp-content\/uploads\/2023\/03\/Mannschaftsfoto-2022-1024x682.jpg\" alt=\"\" class=\"wp-image-4392\" srcset=\"https:\/\/www.ff-rinn.at\/wp-content\/uploads\/2023\/03\/Mannschaftsfoto-2022-1024x682.jpg 1024w, https:\/\/www.ff-rinn.at\/wp-content\/uploads\/2023\/03\/Mannschaftsfoto-2022-300x200.jpg 300w, https:\/\/www.ff-rinn.at\/wp-content\/uploads\/2023\/03\/Mannschaftsfoto-2022-768x512.jpg 768w, https:\/\/www.ff-rinn.at\/wp-content\/uploads\/2023\/03\/Mannschaftsfoto-2022.jpg 1280w\" sizes=\"auto, (max-width: 1024px) 100vw, 1024px\" \/><\/a><\/figure>\n\n\n\n<ol class=\"wp-block-list\">\n<li>Reihe liegend:<br>Jugend<br><\/li>\n\n\n\n<li>Reihe sitzend von Links:<br>HLM Mair Andreas, BI Anton Schmiderer, OBI Andreas Nagiller, OBI Franz Schmiderer, Fahnenpatin<br>Claudia Gapp, Fahnenpatin Theresia Kiechl, OV Herbert Schafferer, OV Manuel Nagiller, OBI Friedrich<br>Fercher, OBI Markus Zerlauth, OV Josef Nagiller, ABI Werner Strobl, Fahrzeugpatin Anneliese Junker,<br>Fahrzeugpatin Ingrid Gra\u00dfmair, HLM Josef Fellier, OBI Helmut Rinner, BI Hermann Triendl<br><\/li>\n\n\n\n<li>Reihe stehend von Links:<br>HFM Andreas Hoppichler (Fahnenbegleiter), HLM Rudolf Fl\u00f6rl (F\u00e4hnrich), HFM Klaus Gra\u00dfmair<br>(Fahnebegleiter), HFM Gottlieb Huter, LM Florian Gra\u00dfmair, HLM Christoph Kiechl, HLM Philipp Egg,<br>OLM Florian Buxbaumer, OBM Stefan Erhart, LM Patrick Schafferer, LM Stephan Schafferer, LM<br>Niklas Gra\u00dfmair, LM Alfred Weger, LM Martin Kugler, HFM Hermann Schafferer, HLM Andreas Mayr,<br>LM Andreas Gapp, HFM Ferdinand Eberl<br><\/li>\n\n\n\n<li>Reihe stehend von Links:<br>HFM Florian Taibon, LM Tobias Triendl, HFM Josef Weger, OFM Lukas Angerer, OFM Florian Triendl,<br>LM Andreas Nagiller, OFM Hannes Weger, HFM Franz Weger, HLM Rudolf Nagiller, HFM Gotthard<br>Rinner, HLM Karl Falkner, OV Josef Triendl, OV Hans Kirchmair<br><\/li>\n\n\n\n<li>Reihe stehend von Links:<br>HLM Gottfried Stock, HFM Martin Piegger, HFM Christoph Mayrhofer, HFM Markus Klingler, OLM<br>Franz Triendl, OFM Thomas Fl\u00f6rl, OFM Domenic K\u00fcnstner, HFM Mair Andreas, HFM Josef Stock, HFM<br>Paul Gstreinthaler, HFM Hans Unden, HFM Siegfried Fl\u00f6rl, FM Huter Michael, OV Hannes Kirchmair<br><\/li>\n\n\n\n<li>Reihe stehend von Links:<br>FM Tobias Nagiller, HFM Reinhard M\u00f6sl, OLM Andreas Stock, PFM Stefan Walder, FM Michael<br>Angerer, OFM Simon Triendl, HFM Christoph Stock, OFM Roland Gra\u00dfmair, HFM Hans-Peter Platzer,<br>HLM Bernhard Stock, HFM Franz Kirchmair, HFM Werner Eder, HFM Josef Matzler<br><\/li>\n\n\n\n<li>Reihe stehend von Links:<br>FM Mario Gra\u00dfmair, FM Marcel Thurner, HFM Peter Tanler, HFM Franz Schmiderer, HFM Anton<br>Schmiderer, HFM Hans Strasser, HFM Andr\u00e9 Kiechl, HFM Wolfgang Gra\u00dfmair, LM Hubert<br>Klingenschmid, HFM Max Tanler, HFM Christian Triendl, HFM Werner Gra\u00dfmair<\/li>\n<\/ol>\n","protected":false},"excerpt":{"rendered":"","protected":false},"author":2,"featured_media":0,"parent":15,"menu_order":2,"comment_status":"closed","ping_status":"open","template":"","meta":{"_acf_changed":false,"ngg_post_thumbnail":0,"footnotes":""},"class_list":["post-28","page","type-page","status-publish","hentry"],"acf":[],"_links":{"self":[{"href":"https:\/\/www.ff-rinn.at\/index.php?rest_route=\/wp\/v2\/pages\/28","targetHints":{"allow":["GET"]}}],"collection":[{"href":"https:\/\/www.ff-rinn.at\/index.php?rest_route=\/wp\/v2\/pages"}],"about":[{"href":"https:\/\/www.ff-rinn.at\/index.php?rest_route=\/wp\/v2\/types\/page"}],"author":[{"embeddable":true,"href":"https:\/\/www.ff-rinn.at\/index.php?rest_route=\/wp\/v2\/users\/2"}],"replies":[{"embeddable":true,"href":"https:\/\/www.ff-rinn.at\/index.php?rest_route=%2Fwp%2Fv2%2Fcomments&post=28"}],"version-history":[{"count":15,"href":"https:\/\/www.ff-rinn.at\/index.php?rest_route=\/wp\/v2\/pages\/28\/revisions"}],"predecessor-version":[{"id":4393,"href":"https:\/\/www.ff-rinn.at\/index.php?rest_route=\/wp\/v2\/pages\/28\/revisions\/4393"}],"up":[{"embeddable":true,"href":"https:\/\/www.ff-rinn.at\/index.php?rest_route=\/wp\/v2\/pages\/15"}],"wp:attachment":[{"href":"https:\/\/www.ff-rinn.at\/index.php?rest_route=%2Fwp%2Fv2%2Fmedia&parent=28"}],"curies":[{"name":"wp","href":"https:\/\/api.w.org\/{rel}","templated":true}]}}