{"id":34,"date":"2015-01-12T19:36:02","date_gmt":"2015-01-12T19:36:02","guid":{"rendered":"http:\/\/192.168.1.109\/wordpress\/?page_id=34"},"modified":"2017-01-15T10:45:43","modified_gmt":"2017-01-15T09:45:43","slug":"feuerwehrhaus","status":"publish","type":"page","link":"https:\/\/www.ff-rinn.at\/?page_id=34","title":{"rendered":"Ger\u00e4tehaus"},"content":{"rendered":"<div class=\"container\">\n<div class=\"row\" style=\"width: 97%;\">\n<h3>Ger\u00e4tehaus<\/h3>\n<div class=\"col-md-6\"><a href=\"http:\/\/www.ff-rinn.at\/wp-content\/uploads\/2015\/08\/ger\u00e4t-2.jpg\"><img loading=\"lazy\" decoding=\"async\" class=\"img-responsive alignnone wp-image-712 size-full\" src=\"http:\/\/www.ff-rinn.at\/wp-content\/uploads\/2015\/08\/ger\u00e4t-2.jpg\" alt=\"ger\u00e4t-2\" width=\"1900\" height=\"1267\" srcset=\"https:\/\/www.ff-rinn.at\/wp-content\/uploads\/2015\/08\/ger\u00e4t-2.jpg 1900w, https:\/\/www.ff-rinn.at\/wp-content\/uploads\/2015\/08\/ger\u00e4t-2-300x200.jpg 300w, https:\/\/www.ff-rinn.at\/wp-content\/uploads\/2015\/08\/ger\u00e4t-2-1024x683.jpg 1024w\" sizes=\"auto, (max-width: 1900px) 100vw, 1900px\" \/><\/a><\/div>\n<div class=\"col-md-6\">\n<h4>Geschichte<\/h4>\n<p>Baujahr 1991<\/p>\n<p>R\u00e4umlichkeiten:<\/p>\n<p>Keller: Lager<\/p>\n<p>EG: Fuhrparkhalle, Kommandoraum, ATS-Werkstatt, Werkstatt, Schlauchturm<\/p>\n<p>Garage: Lager Verkehrsleiteinrichtungen<\/p>\n<p>1. OG: Schulungsraum, Sitzungsraum, B\u00fcro, Teek\u00fcche<\/p>\n<\/div>\n<\/div>\n<\/div>\n<div class=\"container\">\n<div class=\"row\" style=\"width: 97%;\">\n<h3>Altes Ger\u00e4tehaus<\/h3>\n<div class=\"col-md-6\">\n<h4>Geschichte<\/h4>\n<p>Baujahr 1954<\/p>\n<\/div>\n<div class=\"col-md-6\"><a href=\"http:\/\/www.ff-rinn.at\/wp-content\/uploads\/2015\/01\/ger\u00e4tehaaus_alt-3.jpg\"><img loading=\"lazy\" decoding=\"async\" src=\"http:\/\/www.ff-rinn.at\/wp-content\/uploads\/2015\/01\/ger\u00e4tehaaus_alt-3.jpg\" alt=\"ger\u00e4tehaaus_alt-3\" width=\"1920\" height=\"1280\" class=\"img-responsive alignnone size-full wp-image-1199\" srcset=\"https:\/\/www.ff-rinn.at\/wp-content\/uploads\/2015\/01\/ger\u00e4tehaaus_alt-3.jpg 1920w, https:\/\/www.ff-rinn.at\/wp-content\/uploads\/2015\/01\/ger\u00e4tehaaus_alt-3-300x200.jpg 300w, https:\/\/www.ff-rinn.at\/wp-content\/uploads\/2015\/01\/ger\u00e4tehaaus_alt-3-1024x683.jpg 1024w\" sizes=\"auto, (max-width: 1920px) 100vw, 1920px\" \/><\/a><\/div>\n<\/div>\n<\/div>\n<div class=\"container\">\n<div class=\"row\" style=\"width: 97%;\">\n<h3>Das 1. Ger\u00e4tehaus<\/h3>\n<div class=\"col-md-6\"><a href=\"http:\/\/www.ff-rinn.at\/wp-content\/uploads\/2015\/01\/ger\u00e4tehaaus_alt-1.jpg\"><img loading=\"lazy\" decoding=\"async\" src=\"http:\/\/www.ff-rinn.at\/wp-content\/uploads\/2015\/01\/ger\u00e4tehaaus_alt-1.jpg\" alt=\"ger\u00e4tehaaus_alt-1\" width=\"1920\" height=\"1280\" class=\"img-responsive alignnone size-full wp-image-1200\" srcset=\"https:\/\/www.ff-rinn.at\/wp-content\/uploads\/2015\/01\/ger\u00e4tehaaus_alt-1.jpg 1920w, https:\/\/www.ff-rinn.at\/wp-content\/uploads\/2015\/01\/ger\u00e4tehaaus_alt-1-300x200.jpg 300w, https:\/\/www.ff-rinn.at\/wp-content\/uploads\/2015\/01\/ger\u00e4tehaaus_alt-1-1024x683.jpg 1024w\" sizes=\"auto, (max-width: 1920px) 100vw, 1920px\" \/><\/a><\/div>\n<div class=\"col-md-6\">\n<h4>Geschichte<\/h4>\n<p>Baujahr vor 1893<\/p>\n<\/div>\n<\/div>\n<\/div>\n<div class=\"container\">\n<div class=\"row\" style=\"width: 97%;\">\n<h3>Landes Feuerwehrschule Rinn<\/h3>\n<div class=\"col-md-6\">\n<h4>Geschichte<\/h4>\n<p style=\"text-align: justify;\">1943 wurde die Landesfeuerwehrschule, aufgrund des 2. Weltkrieges und den zunehmenden Bombenangriffen, von Innsbruck nach Rinn-Judenstein verlegt und blieb dort bis 1951.<\/p>\n<\/div>\n<div class=\"col-md-6\"><img decoding=\"async\" class=\"img-responsive\" src=\"http:\/\/www.ff-rinn.at\/wp-content\/uploads\/2017\/01\/feuerwehrschule.jpg\" alt=\"\" \/><\/div>\n<\/div>\n<\/div>\n","protected":false},"excerpt":{"rendered":"<p>Ger\u00e4tehaus Geschichte Baujahr 1991 R\u00e4umlichkeiten: Keller: Lager EG: Fuhrparkhalle, Kommandoraum, ATS-Werkstatt, Werkstatt, Schlauchturm Garage: Lager Verkehrsleiteinrichtungen 1. OG: Schulungsraum, Sitzungsraum, B\u00fcro, Teek\u00fcche Altes Ger\u00e4tehaus Geschichte Baujahr 1954 Das 1. Ger\u00e4tehaus Geschichte Baujahr vor 1893 Landes Feuerwehrschule Rinn Geschichte 1943 wurde die Landesfeuerwehrschule, aufgrund des 2. Weltkrieges und den zunehmenden Bombenangriffen, von Innsbruck nach Rinn-Judenstein verlegt [&hellip;]<\/p>\n","protected":false},"author":2,"featured_media":0,"parent":15,"menu_order":5,"comment_status":"open","ping_status":"open","template":"","meta":{"_acf_changed":false,"ngg_post_thumbnail":0,"footnotes":""},"class_list":["post-34","page","type-page","status-publish","hentry"],"acf":[],"_links":{"self":[{"href":"https:\/\/www.ff-rinn.at\/index.php?rest_route=\/wp\/v2\/pages\/34","targetHints":{"allow":["GET"]}}],"collection":[{"href":"https:\/\/www.ff-rinn.at\/index.php?rest_route=\/wp\/v2\/pages"}],"about":[{"href":"https:\/\/www.ff-rinn.at\/index.php?rest_route=\/wp\/v2\/types\/page"}],"author":[{"embeddable":true,"href":"https:\/\/www.ff-rinn.at\/index.php?rest_route=\/wp\/v2\/users\/2"}],"replies":[{"embeddable":true,"href":"https:\/\/www.ff-rinn.at\/index.php?rest_route=%2Fwp%2Fv2%2Fcomments&post=34"}],"version-history":[{"count":23,"href":"https:\/\/www.ff-rinn.at\/index.php?rest_route=\/wp\/v2\/pages\/34\/revisions"}],"predecessor-version":[{"id":724,"href":"https:\/\/www.ff-rinn.at\/index.php?rest_route=\/wp\/v2\/pages\/34\/revisions\/724"}],"up":[{"embeddable":true,"href":"https:\/\/www.ff-rinn.at\/index.php?rest_route=\/wp\/v2\/pages\/15"}],"wp:attachment":[{"href":"https:\/\/www.ff-rinn.at\/index.php?rest_route=%2Fwp%2Fv2%2Fmedia&parent=34"}],"curies":[{"name":"wp","href":"https:\/\/api.w.org\/{rel}","templated":true}]}}