{"id":55,"date":"2015-01-12T20:17:34","date_gmt":"2015-01-12T20:17:34","guid":{"rendered":"http:\/\/192.168.1.109\/wordpress\/?page_id=54"},"modified":"2017-01-05T22:32:24","modified_gmt":"2017-01-05T21:32:24","slug":"gruppe-rinn-6","status":"publish","type":"page","link":"https:\/\/www.ff-rinn.at\/?page_id=55","title":{"rendered":"Gruppe Rinn 6"},"content":{"rendered":"<p><a href=\"http:\/\/www.ff-rinn.at\/wp-content\/uploads\/2015\/01\/Rinn-Gruppe-6.jpg\"><img loading=\"lazy\" decoding=\"async\" class=\"img-responsive aligncenter wp-image-946\" src=\"http:\/\/www.ff-rinn.at\/wp-content\/uploads\/2015\/01\/Rinn-Gruppe-6.jpg\" alt=\"Rinn Gruppe 6\" width=\"2048\" height=\"1536\" srcset=\"https:\/\/www.ff-rinn.at\/wp-content\/uploads\/2015\/01\/Rinn-Gruppe-6.jpg 2048w, https:\/\/www.ff-rinn.at\/wp-content\/uploads\/2015\/01\/Rinn-Gruppe-6-300x225.jpg 300w, https:\/\/www.ff-rinn.at\/wp-content\/uploads\/2015\/01\/Rinn-Gruppe-6-1024x768.jpg 1024w\" sizes=\"auto, (max-width: 2048px) 100vw, 2048px\" \/><\/a><\/p>\n<ul>\n<li style=\"text-align: justify;\">Andr\u00e9 Kiechl<\/li>\n<li style=\"text-align: justify;\">Fritz Fercher<\/li>\n<li style=\"text-align: justify;\">Florian Taibon<\/li>\n<li style=\"text-align: justify;\">Stefan Taibon<\/li>\n<li style=\"text-align: justify;\">Stephan Schafferer<\/li>\n<li style=\"text-align: justify;\">Simon Triendl<\/li>\n<li style=\"text-align: justify;\">Philipp Tanler<\/li>\n<li style=\"text-align: justify;\">Julian Gra\u00dfmair<\/li>\n<li style=\"text-align: justify;\">Martin Kugler<\/li>\n<\/ul>\n<p style=\"text-align: justify;\">Im Herbst 2013 hat unser Bewerbs-Ausbildner OBI Schmiderer Franz die j\u00fcngste und zurzeit letzte Gruppe ausgebildet. Gruppe Rinn 6. Nach intensiven Trainingsmonaten war im Juni 2014 der Landesbewerb in Ried im Zillertal. Diesen Bewerb meisterte die Gruppe Rinn 6 mit\u00a0bravour und konnte im Sicherheitsbewerb\u00a0Silber sogar eine Top-20 Platzierung belegen. Seit dem Jahr 2014 nahm die Gruppe Rinn 6 regelm\u00e4\u00dfig an Bewerben teil. Beim letzten Bewerb, den die Gruppe heuer absolvierte, erreichte sie in Baumkirchen (Abschnittsbewerb Lans\/Hall\/Wattens) den 5. Platz. Beim Abschnittsbewerb der Abschnitte Lans, Hall und Wattens am 18.6.2016 in Rinn erreichte die Gruppe Rinn 6 in der Klasse A den 4. Platz.<\/p>\n<p style=\"text-align: justify;\">Die Mitglieder der Bewerbsgruppe freuen sich auf die Bewerbssaison 2017.<\/p>\n","protected":false},"excerpt":{"rendered":"<p>Andr\u00e9 Kiechl Fritz Fercher Florian Taibon Stefan Taibon Stephan Schafferer Simon Triendl Philipp Tanler Julian Gra\u00dfmair Martin Kugler Im Herbst 2013 hat unser Bewerbs-Ausbildner OBI Schmiderer Franz die j\u00fcngste und zurzeit letzte Gruppe ausgebildet. Gruppe Rinn 6. Nach intensiven Trainingsmonaten war im Juni 2014 der Landesbewerb in Ried im Zillertal. Diesen Bewerb meisterte die Gruppe [&hellip;]<\/p>\n","protected":false},"author":2,"featured_media":0,"parent":21,"menu_order":5,"comment_status":"open","ping_status":"open","template":"","meta":{"_acf_changed":false,"ngg_post_thumbnail":0,"footnotes":""},"class_list":["post-55","page","type-page","status-publish","hentry"],"acf":[],"_links":{"self":[{"href":"https:\/\/www.ff-rinn.at\/index.php?rest_route=\/wp\/v2\/pages\/55","targetHints":{"allow":["GET"]}}],"collection":[{"href":"https:\/\/www.ff-rinn.at\/index.php?rest_route=\/wp\/v2\/pages"}],"about":[{"href":"https:\/\/www.ff-rinn.at\/index.php?rest_route=\/wp\/v2\/types\/page"}],"author":[{"embeddable":true,"href":"https:\/\/www.ff-rinn.at\/index.php?rest_route=\/wp\/v2\/users\/2"}],"replies":[{"embeddable":true,"href":"https:\/\/www.ff-rinn.at\/index.php?rest_route=%2Fwp%2Fv2%2Fcomments&post=55"}],"version-history":[{"count":6,"href":"https:\/\/www.ff-rinn.at\/index.php?rest_route=\/wp\/v2\/pages\/55\/revisions"}],"predecessor-version":[{"id":2148,"href":"https:\/\/www.ff-rinn.at\/index.php?rest_route=\/wp\/v2\/pages\/55\/revisions\/2148"}],"up":[{"embeddable":true,"href":"https:\/\/www.ff-rinn.at\/index.php?rest_route=\/wp\/v2\/pages\/21"}],"wp:attachment":[{"href":"https:\/\/www.ff-rinn.at\/index.php?rest_route=%2Fwp%2Fv2%2Fmedia&parent=55"}],"curies":[{"name":"wp","href":"https:\/\/api.w.org\/{rel}","templated":true}]}}