{"id":556,"date":"2015-08-13T18:36:32","date_gmt":"2015-08-13T17:36:32","guid":{"rendered":"http:\/\/www.ff-rinn.at\/?page_id=556"},"modified":"2016-05-03T20:49:31","modified_gmt":"2016-05-03T19:49:31","slug":"impressum","status":"publish","type":"page","link":"https:\/\/www.ff-rinn.at\/?page_id=556","title":{"rendered":"Impressum"},"content":{"rendered":"<h4><\/h4>\n<h4>Medieninhaber und Herausgeber<\/h4>\n<p>Freiwillige Feuerwehr Rinn<br \/>\nKommandant: OBI Dipl.-Ing. Markus Zerlauth<br \/>\nHauptstra\u00dfe 24<br \/>\nA-6074 Rinn<\/p>\n<p>Telefon: +43 5223 78430<\/p>\n<p>E-Mail: <a href=\"mailto:office@ff-rinn.at\">office@ff-rinn.at<\/a><\/p>\n<p>&nbsp;<\/p>\n<h4>\n<p>Rechtliche Hinweise<\/h4>\n<p>Der Inhalt dieser Website ist urheberrechtlich gesch\u00fctzt. Alle Rechte, auch der \u00dcbersetzung der Webseite, des Nachdrucks und der Vervielf\u00e4ltigung des Inhalts oder Teilen daraus, sind vorbehalten. Der Inhalt dieser Seite darf in keiner Form ohne schriftliche Genehmigung der Freiwilligen Feuerwehr Rinn reproduziert oder verarbeitet, vervielf\u00e4ltigt oder verbreitet werden. Obwohl die Inhalte unserer Seiten mit gr\u00f6\u00dftm\u00f6glicher Sorgfalt erstellt worden sind, \u00fcbernimmt die Freiwillige Feuerwehr Rinn keine Haftung f\u00fcr deren Aktualit\u00e4t, Vollst\u00e4ndigkeit und Richtigkeit.<\/p>\n<p>&nbsp;<\/p>\n<h4>\n<p>Links \/ Verlinkung<\/h4>\n<p>Unsere Seiten beinhalten auch Links zu externen Webseiten, auf deren Inhalt wir keinen Einfluss haben. Aus diesem Grund k\u00f6nnen wir f\u00fcr diese fremden Inhalte auch keinerlei Haftung \u00fcbernehmen. F\u00fcr diese Inhalte ist der jeweilige Anbieter bzw. Betreiber verantwortlich.<\/p>\n","protected":false},"excerpt":{"rendered":"<p>Medieninhaber und Herausgeber Freiwillige Feuerwehr Rinn Kommandant: OBI Dipl.-Ing. Markus Zerlauth Hauptstra\u00dfe 24 A-6074 Rinn Telefon: +43 5223 78430 E-Mail: office@ff-rinn.at &nbsp; Rechtliche Hinweise Der Inhalt dieser Website ist urheberrechtlich gesch\u00fctzt. Alle Rechte, auch der \u00dcbersetzung der Webseite, des Nachdrucks und der Vervielf\u00e4ltigung des Inhalts oder Teilen daraus, sind vorbehalten. Der Inhalt dieser Seite darf [&hellip;]<\/p>\n","protected":false},"author":2,"featured_media":0,"parent":15,"menu_order":99,"comment_status":"open","ping_status":"open","template":"","meta":{"_acf_changed":false,"ngg_post_thumbnail":0,"footnotes":""},"class_list":["post-556","page","type-page","status-publish","hentry"],"acf":[],"_links":{"self":[{"href":"https:\/\/www.ff-rinn.at\/index.php?rest_route=\/wp\/v2\/pages\/556","targetHints":{"allow":["GET"]}}],"collection":[{"href":"https:\/\/www.ff-rinn.at\/index.php?rest_route=\/wp\/v2\/pages"}],"about":[{"href":"https:\/\/www.ff-rinn.at\/index.php?rest_route=\/wp\/v2\/types\/page"}],"author":[{"embeddable":true,"href":"https:\/\/www.ff-rinn.at\/index.php?rest_route=\/wp\/v2\/users\/2"}],"replies":[{"embeddable":true,"href":"https:\/\/www.ff-rinn.at\/index.php?rest_route=%2Fwp%2Fv2%2Fcomments&post=556"}],"version-history":[{"count":3,"href":"https:\/\/www.ff-rinn.at\/index.php?rest_route=\/wp\/v2\/pages\/556\/revisions"}],"predecessor-version":[{"id":1514,"href":"https:\/\/www.ff-rinn.at\/index.php?rest_route=\/wp\/v2\/pages\/556\/revisions\/1514"}],"up":[{"embeddable":true,"href":"https:\/\/www.ff-rinn.at\/index.php?rest_route=\/wp\/v2\/pages\/15"}],"wp:attachment":[{"href":"https:\/\/www.ff-rinn.at\/index.php?rest_route=%2Fwp%2Fv2%2Fmedia&parent=556"}],"curies":[{"name":"wp","href":"https:\/\/api.w.org\/{rel}","templated":true}]}}